{"id":57,"date":"2025-04-10T15:08:38","date_gmt":"2025-04-10T19:08:38","guid":{"rendered":"https:\/\/alfacentaurica.com\/?page_id=57"},"modified":"2025-04-16T09:24:33","modified_gmt":"2025-04-16T13:24:33","slug":"sistemas-de-seguridad-por-video-vigilancia","status":"publish","type":"page","link":"https:\/\/alfacentaurica.com\/?page_id=57","title":{"rendered":"Servidores Personalizados en la Nube: Seguridad y Eficiencia Sin Igual"},"content":{"rendered":"\n<p>En un mundo cada vez m\u00e1s digital, te ofrecemos soluciones en la nube dise\u00f1adas espec\u00edficamente para satisfacer las necesidades \u00fanicas de tu negocio. Nuestros <strong>servidores personalizados en la nube<\/strong> est\u00e1n respaldados por una <strong>gesti\u00f3n integral<\/strong> que te permitir\u00e1 enfocarte en lo que realmente importa: el crecimiento de tu empresa..<\/p>\n\n\n\n<figure class=\"wp-block-gallery has-nested-images columns-default is-cropped wp-block-gallery-1 is-layout-flex wp-block-gallery-is-layout-flex\">\n<figure class=\"wp-block-image size-large\"><img loading=\"lazy\" decoding=\"async\" width=\"1024\" height=\"576\" data-id=\"83\" src=\"https:\/\/alfacentaurica.com\/wp-content\/uploads\/2025\/04\/Alfacentaurica-1-1-1024x576.jpg\" alt=\"\" class=\"wp-image-83\" srcset=\"https:\/\/alfacentaurica.com\/wp-content\/uploads\/2025\/04\/Alfacentaurica-1-1-1024x576.jpg 1024w, https:\/\/alfacentaurica.com\/wp-content\/uploads\/2025\/04\/Alfacentaurica-1-1-300x169.jpg 300w, https:\/\/alfacentaurica.com\/wp-content\/uploads\/2025\/04\/Alfacentaurica-1-1-768x432.jpg 768w, https:\/\/alfacentaurica.com\/wp-content\/uploads\/2025\/04\/Alfacentaurica-1-1-1536x864.jpg 1536w, https:\/\/alfacentaurica.com\/wp-content\/uploads\/2025\/04\/Alfacentaurica-1-1.jpg 1920w\" sizes=\"auto, (max-width: 1024px) 100vw, 1024px\" \/><\/figure>\n\n\n\n<figure class=\"wp-block-image size-large\"><img loading=\"lazy\" decoding=\"async\" width=\"1024\" height=\"414\" data-id=\"56\" src=\"https:\/\/alfacentaurica.com\/wp-content\/uploads\/2025\/04\/redes_datos_hospitales_pic01_20220824_etkho_hospital_engineering-1024x414.jpg\" alt=\"\" class=\"wp-image-56\" srcset=\"https:\/\/alfacentaurica.com\/wp-content\/uploads\/2025\/04\/redes_datos_hospitales_pic01_20220824_etkho_hospital_engineering-1024x414.jpg 1024w, https:\/\/alfacentaurica.com\/wp-content\/uploads\/2025\/04\/redes_datos_hospitales_pic01_20220824_etkho_hospital_engineering-300x121.jpg 300w, https:\/\/alfacentaurica.com\/wp-content\/uploads\/2025\/04\/redes_datos_hospitales_pic01_20220824_etkho_hospital_engineering-768x310.jpg 768w, https:\/\/alfacentaurica.com\/wp-content\/uploads\/2025\/04\/redes_datos_hospitales_pic01_20220824_etkho_hospital_engineering.jpg 1280w\" sizes=\"auto, (max-width: 1024px) 100vw, 1024px\" \/><\/figure>\n\n\n\n<figure class=\"wp-block-image size-large\"><img loading=\"lazy\" decoding=\"async\" width=\"264\" height=\"149\" data-id=\"51\" src=\"https:\/\/alfacentaurica.com\/wp-content\/uploads\/2025\/04\/images-edited.jpg\" alt=\"\" class=\"wp-image-51\"\/><\/figure>\n<\/figure>\n\n\n\n<p>\u00bfPor qu\u00e9 elegirnos?<\/p>\n\n\n\n<ul class=\"wp-block-list\">\n<li><strong>Gesti\u00f3n Integral 24\/7:<\/strong> Monitoreo constante para garantizar el \u00f3ptimo desempe\u00f1o de tu infraestructura.<\/li>\n\n\n\n<li><strong>Respaldo Seguro:<\/strong> Conservamos copias de seguridad durante <strong>14 d\u00edas<\/strong>, ofreci\u00e9ndote tranquilidad ante cualquier eventualidad.<\/li>\n\n\n\n<li><strong>Alta Disponibilidad Global:<\/strong> Con redundancia f\u00edsica en <strong>diferentes pa\u00edses<\/strong>, tus datos siempre estar\u00e1n protegidos y disponibles cuando los necesites.<\/li>\n\n\n\n<li><strong>Escalabilidad y Flexibilidad:<\/strong> Adaptamos nuestros servicios para acompa\u00f1ar el crecimiento y evoluci\u00f3n de tu negocio.<\/li>\n<\/ul>\n\n\n\n<p>Conf\u00eda en nosotros para cuidar de tu infraestructura en la nube. Nuestro equipo de expertos se encarga de todo, para que t\u00fa puedas concentrarte en alcanzar tus objetivos. \u00a1El futuro de tu empresa comienza aqu\u00ed!<\/p>\n\n\n\n<div class=\"wp-block-buttons is-layout-flex wp-block-buttons-is-layout-flex\">\n<div class=\"wp-block-button\"><a class=\"wp-block-button__link wp-element-button\" href=\"https:\/\/wa.me\/message\/5SGHMPJLBVECL1\">Clic Aqu\u00ed y conversemos<\/a><\/div>\n<\/div>\n\n\n\n<p><\/p>\n","protected":false},"excerpt":{"rendered":"<p>En un mundo cada vez m\u00e1s digital, te ofrecemos soluciones en la nube dise\u00f1adas espec\u00edficamente para satisfacer las necesidades \u00fanicas de tu negocio. Nuestros servidores personalizados en la nube est\u00e1n respaldados por una gesti\u00f3n integral que te permitir\u00e1 enfocarte en lo que realmente importa: el crecimiento de tu empresa.. \u00bfPor qu\u00e9 elegirnos? Conf\u00eda en nosotros [&hellip;]<\/p>\n","protected":false},"author":1,"featured_media":0,"parent":0,"menu_order":0,"comment_status":"closed","ping_status":"closed","template":"","meta":{"footnotes":""},"class_list":["post-57","page","type-page","status-publish","hentry"],"_links":{"self":[{"href":"https:\/\/alfacentaurica.com\/index.php?rest_route=\/wp\/v2\/pages\/57","targetHints":{"allow":["GET"]}}],"collection":[{"href":"https:\/\/alfacentaurica.com\/index.php?rest_route=\/wp\/v2\/pages"}],"about":[{"href":"https:\/\/alfacentaurica.com\/index.php?rest_route=\/wp\/v2\/types\/page"}],"author":[{"embeddable":true,"href":"https:\/\/alfacentaurica.com\/index.php?rest_route=\/wp\/v2\/users\/1"}],"replies":[{"embeddable":true,"href":"https:\/\/alfacentaurica.com\/index.php?rest_route=%2Fwp%2Fv2%2Fcomments&post=57"}],"version-history":[{"count":4,"href":"https:\/\/alfacentaurica.com\/index.php?rest_route=\/wp\/v2\/pages\/57\/revisions"}],"predecessor-version":[{"id":189,"href":"https:\/\/alfacentaurica.com\/index.php?rest_route=\/wp\/v2\/pages\/57\/revisions\/189"}],"wp:attachment":[{"href":"https:\/\/alfacentaurica.com\/index.php?rest_route=%2Fwp%2Fv2%2Fmedia&parent=57"}],"curies":[{"name":"wp","href":"https:\/\/api.w.org\/{rel}","templated":true}]}}