{"id":170,"date":"2025-04-14T17:45:41","date_gmt":"2025-04-14T21:45:41","guid":{"rendered":"https:\/\/alfacentaurica.com\/?page_id=170"},"modified":"2025-04-14T17:47:09","modified_gmt":"2025-04-14T21:47:09","slug":"respaldo-electrico","status":"publish","type":"page","link":"https:\/\/alfacentaurica.com\/?page_id=170","title":{"rendered":"Respaldo El\u00e9ctrico"},"content":{"rendered":"\n<p><strong>\u00abEnerg\u00eda confiable para impulsar tu negocio.\u00bb<\/strong><\/p>\n\n\n\n<p>Nos encargamos de proporcionar, instalar y gestionar sistemas de soporte el\u00e9ctrico dise\u00f1ados para satisfacer cualquier necesidad industrial o comercial. Nuestro servicio garantiza que tu operaci\u00f3n nunca se detenga, gracias a soluciones personalizadas y tecnolog\u00eda avanzada.<\/p>\n\n\n\n<p><strong>\u00bfPor qu\u00e9 elegirnos?<\/strong><\/p>\n\n\n\n<ul class=\"wp-block-list\">\n<li><strong>Amplia gama de opciones:<\/strong> Desde sistemas sencillos como UPS con inversores por bater\u00edas hasta soluciones m\u00e1s complejas con energ\u00eda solar, a gas o gasoil, adaptadas a peque\u00f1as, medianas o grandes empresas.<\/li>\n\n\n\n<li><strong>Fiabilidad y eficiencia:<\/strong> Cada soluci\u00f3n est\u00e1 dise\u00f1ada para garantizar un suministro el\u00e9ctrico continuo y seguro, protegiendo tus procesos cr\u00edticos.<\/li>\n\n\n\n<li><strong>Experiencia comprobada:<\/strong> M\u00e1s de 25 a\u00f1os en el sector nos respaldan, brindando soporte el\u00e9ctrico a empresas l\u00edderes de diversas industrias.<\/li>\n\n\n\n<li><strong>Optimizaci\u00f3n energ\u00e9tica:<\/strong> Ayudamos a reducir costos operativos mientras maximizamos el rendimiento y la sostenibilidad.<\/li>\n<\/ul>\n\n\n\n<p>Con Alfacentaurica, la energ\u00eda deja de ser un problema y se convierte en un activo estrat\u00e9gico para tu crecimiento. Garantizamos que tengas el respaldo necesario para cada desaf\u00edo.<\/p>\n\n\n\n<figure class=\"wp-block-gallery has-nested-images columns-default is-cropped wp-block-gallery-1 is-layout-flex wp-block-gallery-is-layout-flex\">\n<figure class=\"wp-block-image size-large\"><img loading=\"lazy\" decoding=\"async\" width=\"335\" height=\"448\" data-id=\"171\" src=\"https:\/\/alfacentaurica.com\/wp-content\/uploads\/2025\/04\/iphone-pc-may-2013-178.jpg\" alt=\"\" class=\"wp-image-171\" srcset=\"https:\/\/alfacentaurica.com\/wp-content\/uploads\/2025\/04\/iphone-pc-may-2013-178.jpg 335w, https:\/\/alfacentaurica.com\/wp-content\/uploads\/2025\/04\/iphone-pc-may-2013-178-224x300.jpg 224w\" sizes=\"auto, (max-width: 335px) 100vw, 335px\" \/><\/figure>\n\n\n\n<figure class=\"wp-block-image size-large\"><img loading=\"lazy\" decoding=\"async\" width=\"335\" height=\"448\" data-id=\"172\" src=\"https:\/\/alfacentaurica.com\/wp-content\/uploads\/2025\/04\/iphone-pc-may-2013-179.jpg\" alt=\"\" class=\"wp-image-172\" srcset=\"https:\/\/alfacentaurica.com\/wp-content\/uploads\/2025\/04\/iphone-pc-may-2013-179.jpg 335w, https:\/\/alfacentaurica.com\/wp-content\/uploads\/2025\/04\/iphone-pc-may-2013-179-224x300.jpg 224w\" sizes=\"auto, (max-width: 335px) 100vw, 335px\" \/><\/figure>\n\n\n\n<figure class=\"wp-block-image size-large\"><img loading=\"lazy\" decoding=\"async\" width=\"335\" height=\"448\" data-id=\"173\" src=\"https:\/\/alfacentaurica.com\/wp-content\/uploads\/2025\/04\/iphpne-pc-junio-11-2013-003.jpg\" alt=\"\" class=\"wp-image-173\" srcset=\"https:\/\/alfacentaurica.com\/wp-content\/uploads\/2025\/04\/iphpne-pc-junio-11-2013-003.jpg 335w, https:\/\/alfacentaurica.com\/wp-content\/uploads\/2025\/04\/iphpne-pc-junio-11-2013-003-224x300.jpg 224w\" sizes=\"auto, (max-width: 335px) 100vw, 335px\" \/><\/figure>\n\n\n\n<figure class=\"wp-block-image size-large\"><img loading=\"lazy\" decoding=\"async\" width=\"335\" height=\"448\" data-id=\"174\" src=\"https:\/\/alfacentaurica.com\/wp-content\/uploads\/2025\/04\/iphpne-pc-junio-11-2013-004.jpg\" alt=\"\" class=\"wp-image-174\" srcset=\"https:\/\/alfacentaurica.com\/wp-content\/uploads\/2025\/04\/iphpne-pc-junio-11-2013-004.jpg 335w, https:\/\/alfacentaurica.com\/wp-content\/uploads\/2025\/04\/iphpne-pc-junio-11-2013-004-224x300.jpg 224w\" sizes=\"auto, (max-width: 335px) 100vw, 335px\" \/><\/figure>\n\n\n\n<figure class=\"wp-block-image size-large\"><img loading=\"lazy\" decoding=\"async\" width=\"335\" height=\"448\" data-id=\"175\" src=\"https:\/\/alfacentaurica.com\/wp-content\/uploads\/2025\/04\/iphpne-pc-junio-11-2013-005.jpg\" alt=\"\" class=\"wp-image-175\" srcset=\"https:\/\/alfacentaurica.com\/wp-content\/uploads\/2025\/04\/iphpne-pc-junio-11-2013-005.jpg 335w, https:\/\/alfacentaurica.com\/wp-content\/uploads\/2025\/04\/iphpne-pc-junio-11-2013-005-224x300.jpg 224w\" sizes=\"auto, (max-width: 335px) 100vw, 335px\" \/><\/figure>\n<\/figure>\n\n\n\n<figure class=\"wp-block-gallery has-nested-images columns-default is-cropped wp-block-gallery-2 is-layout-flex wp-block-gallery-is-layout-flex\">\n<figure class=\"wp-block-image size-large\"><img loading=\"lazy\" decoding=\"async\" width=\"335\" height=\"448\" data-id=\"179\" src=\"https:\/\/alfacentaurica.com\/wp-content\/uploads\/2025\/04\/iphone-pc-27-02-2013-017-2.jpg\" alt=\"\" class=\"wp-image-179\" srcset=\"https:\/\/alfacentaurica.com\/wp-content\/uploads\/2025\/04\/iphone-pc-27-02-2013-017-2.jpg 335w, https:\/\/alfacentaurica.com\/wp-content\/uploads\/2025\/04\/iphone-pc-27-02-2013-017-2-224x300.jpg 224w\" sizes=\"auto, (max-width: 335px) 100vw, 335px\" \/><\/figure>\n\n\n\n<figure class=\"wp-block-image size-large\"><img loading=\"lazy\" decoding=\"async\" width=\"335\" height=\"448\" data-id=\"181\" src=\"https:\/\/alfacentaurica.com\/wp-content\/uploads\/2025\/04\/iphone-pc-27-02-2013-018.jpg\" alt=\"\" class=\"wp-image-181\" srcset=\"https:\/\/alfacentaurica.com\/wp-content\/uploads\/2025\/04\/iphone-pc-27-02-2013-018.jpg 335w, https:\/\/alfacentaurica.com\/wp-content\/uploads\/2025\/04\/iphone-pc-27-02-2013-018-224x300.jpg 224w\" sizes=\"auto, (max-width: 335px) 100vw, 335px\" \/><\/figure>\n\n\n\n<figure class=\"wp-block-image size-large\"><img loading=\"lazy\" decoding=\"async\" width=\"448\" height=\"335\" data-id=\"178\" src=\"https:\/\/alfacentaurica.com\/wp-content\/uploads\/2025\/04\/iphone-pc-27-02-2013-019-1.jpg\" alt=\"\" class=\"wp-image-178\" srcset=\"https:\/\/alfacentaurica.com\/wp-content\/uploads\/2025\/04\/iphone-pc-27-02-2013-019-1.jpg 448w, https:\/\/alfacentaurica.com\/wp-content\/uploads\/2025\/04\/iphone-pc-27-02-2013-019-1-300x224.jpg 300w\" sizes=\"auto, (max-width: 448px) 100vw, 448px\" \/><\/figure>\n\n\n\n<figure class=\"wp-block-image size-large\"><img loading=\"lazy\" decoding=\"async\" width=\"448\" height=\"335\" data-id=\"180\" src=\"https:\/\/alfacentaurica.com\/wp-content\/uploads\/2025\/04\/iphone-pc-27-02-2013-020-1.jpg\" alt=\"\" class=\"wp-image-180\" srcset=\"https:\/\/alfacentaurica.com\/wp-content\/uploads\/2025\/04\/iphone-pc-27-02-2013-020-1.jpg 448w, https:\/\/alfacentaurica.com\/wp-content\/uploads\/2025\/04\/iphone-pc-27-02-2013-020-1-300x224.jpg 300w\" sizes=\"auto, (max-width: 448px) 100vw, 448px\" \/><\/figure>\n<\/figure>\n","protected":false},"excerpt":{"rendered":"<p>\u00abEnerg\u00eda confiable para impulsar tu negocio.\u00bb Nos encargamos de proporcionar, instalar y gestionar sistemas de soporte el\u00e9ctrico dise\u00f1ados para satisfacer cualquier necesidad industrial o comercial. Nuestro servicio garantiza que tu operaci\u00f3n nunca se detenga, gracias a soluciones personalizadas y tecnolog\u00eda avanzada. \u00bfPor qu\u00e9 elegirnos? Con Alfacentaurica, la energ\u00eda deja de ser un problema y se [&hellip;]<\/p>\n","protected":false},"author":1,"featured_media":0,"parent":0,"menu_order":0,"comment_status":"closed","ping_status":"closed","template":"","meta":{"footnotes":""},"class_list":["post-170","page","type-page","status-publish","hentry"],"_links":{"self":[{"href":"https:\/\/alfacentaurica.com\/index.php?rest_route=\/wp\/v2\/pages\/170","targetHints":{"allow":["GET"]}}],"collection":[{"href":"https:\/\/alfacentaurica.com\/index.php?rest_route=\/wp\/v2\/pages"}],"about":[{"href":"https:\/\/alfacentaurica.com\/index.php?rest_route=\/wp\/v2\/types\/page"}],"author":[{"embeddable":true,"href":"https:\/\/alfacentaurica.com\/index.php?rest_route=\/wp\/v2\/users\/1"}],"replies":[{"embeddable":true,"href":"https:\/\/alfacentaurica.com\/index.php?rest_route=%2Fwp%2Fv2%2Fcomments&post=170"}],"version-history":[{"count":2,"href":"https:\/\/alfacentaurica.com\/index.php?rest_route=\/wp\/v2\/pages\/170\/revisions"}],"predecessor-version":[{"id":182,"href":"https:\/\/alfacentaurica.com\/index.php?rest_route=\/wp\/v2\/pages\/170\/revisions\/182"}],"wp:attachment":[{"href":"https:\/\/alfacentaurica.com\/index.php?rest_route=%2Fwp%2Fv2%2Fmedia&parent=170"}],"curies":[{"name":"wp","href":"https:\/\/api.w.org\/{rel}","templated":true}]}}