{"id":163,"date":"2025-04-14T17:40:36","date_gmt":"2025-04-14T21:40:36","guid":{"rendered":"https:\/\/alfacentaurica.com\/?page_id=163"},"modified":"2025-04-16T10:46:39","modified_gmt":"2025-04-16T14:46:39","slug":"sistemas-de-seguridad-por-video-vigilancia-2","status":"publish","type":"page","link":"https:\/\/alfacentaurica.com\/?page_id=163","title":{"rendered":"Sistemas de Seguridad por Video Vigilancia"},"content":{"rendered":"\n<p><strong>\u00abProtecci\u00f3n avanzada para tu empresa, dise\u00f1ada con experiencia y tecnolog\u00eda de punta.\u00bb<\/strong><\/p>\n\n\n\n<p>Proporcionamos soluciones completas de infraestructura de vigilancia que combinan c\u00e1maras de \u00faltima generaci\u00f3n con tecnolog\u00eda de reconocimiento humano y registro continuo de sucesos. Nuestro enfoque asegura que tengas control total, ya sea de manera local o remota, adapt\u00e1ndonos a las necesidades de tu operaci\u00f3n.<\/p>\n\n\n\n<figure class=\"wp-block-gallery has-nested-images columns-default is-cropped wp-block-gallery-1 is-layout-flex wp-block-gallery-is-layout-flex\">\n<figure class=\"wp-block-image size-full\"><img loading=\"lazy\" decoding=\"async\" width=\"1024\" height=\"597\" data-id=\"194\" src=\"https:\/\/alfacentaurica.com\/wp-content\/uploads\/2025\/04\/camaras-de-seguridad-torreon-1024x597-1.jpg\" alt=\"\" class=\"wp-image-194\" srcset=\"https:\/\/alfacentaurica.com\/wp-content\/uploads\/2025\/04\/camaras-de-seguridad-torreon-1024x597-1.jpg 1024w, https:\/\/alfacentaurica.com\/wp-content\/uploads\/2025\/04\/camaras-de-seguridad-torreon-1024x597-1-300x175.jpg 300w, https:\/\/alfacentaurica.com\/wp-content\/uploads\/2025\/04\/camaras-de-seguridad-torreon-1024x597-1-768x448.jpg 768w\" sizes=\"auto, (max-width: 1024px) 100vw, 1024px\" \/><\/figure>\n\n\n\n<figure class=\"wp-block-image size-large\"><img loading=\"lazy\" decoding=\"async\" width=\"1024\" height=\"576\" data-id=\"195\" src=\"https:\/\/alfacentaurica.com\/wp-content\/uploads\/2025\/04\/65cb4161b64b7-1024x576.jpeg\" alt=\"\" class=\"wp-image-195\" srcset=\"https:\/\/alfacentaurica.com\/wp-content\/uploads\/2025\/04\/65cb4161b64b7-1024x576.jpeg 1024w, https:\/\/alfacentaurica.com\/wp-content\/uploads\/2025\/04\/65cb4161b64b7-300x169.jpeg 300w, https:\/\/alfacentaurica.com\/wp-content\/uploads\/2025\/04\/65cb4161b64b7-768x432.jpeg 768w, https:\/\/alfacentaurica.com\/wp-content\/uploads\/2025\/04\/65cb4161b64b7.jpeg 1200w\" sizes=\"auto, (max-width: 1024px) 100vw, 1024px\" \/><\/figure>\n\n\n\n<figure class=\"wp-block-image size-full\"><img loading=\"lazy\" decoding=\"async\" width=\"730\" height=\"350\" data-id=\"196\" src=\"https:\/\/alfacentaurica.com\/wp-content\/uploads\/2025\/04\/sistema-de-camaras-de-seguridad.jpg\" alt=\"\" class=\"wp-image-196\" srcset=\"https:\/\/alfacentaurica.com\/wp-content\/uploads\/2025\/04\/sistema-de-camaras-de-seguridad.jpg 730w, https:\/\/alfacentaurica.com\/wp-content\/uploads\/2025\/04\/sistema-de-camaras-de-seguridad-300x144.jpg 300w\" sizes=\"auto, (max-width: 730px) 100vw, 730px\" \/><\/figure>\n<\/figure>\n\n\n\n<p>\u00bfQu\u00e9 nos hace diferentes?<\/p>\n\n\n\n<ul class=\"wp-block-list\">\n<li><strong>M\u00e1s de 25 a\u00f1os de experiencia:<\/strong> Un historial comprobado de \u00e9xito en el dise\u00f1o e implementaci\u00f3n de sistemas de vigilancia eficaces.<\/li>\n\n\n\n<li><strong>Tecnolog\u00eda avanzada:<\/strong> Equipos que integran reconocimiento facial y detecci\u00f3n inteligente para maximizar la seguridad.<\/li>\n\n\n\n<li><strong>Acceso remoto seguro:<\/strong> Supervisa todo en tiempo real, desde cualquier lugar, con nuestra infraestructura confiable.<\/li>\n\n\n\n<li><strong>Soluciones personalizadas:<\/strong> Adaptamos cada sistema de vigilancia a las necesidades espec\u00edficas de tu empresa.<\/li>\n<\/ul>\n\n\n\n<p>Deja en nuestras manos la seguridad de tu negocio y enf\u00f3cate en lo que realmente importa: su crecimiento. En [nombre de la empresa], la vigilancia se convierte en un aliado estrat\u00e9gico para tu tranquilidad.<\/p>\n\n\n\n<div class=\"wp-block-buttons is-layout-flex wp-block-buttons-is-layout-flex\">\n<div class=\"wp-block-button\"><a class=\"wp-block-button__link wp-element-button\" href=\"https:\/\/wa.me\/message\/5SGHMPJLBVECL1\">Clic Aqu\u00ed y conversemos<\/a><\/div>\n<\/div>\n\n\n<ul class=\"wp-block-page-list\"><li class=\"wp-block-pages-list__item\"><a class=\"wp-block-pages-list__item__link\" href=\"https:\/\/alfacentaurica.com\/?page_id=95\">Gesti\u00f3n Integral de Infraestructura IT: Tecnolog\u00eda en las Mejores Manos<\/a><\/li><li class=\"wp-block-pages-list__item\"><a class=\"wp-block-pages-list__item__link\" href=\"https:\/\/alfacentaurica.com\/?page_id=143\">Redes de Datos<\/a><\/li><li class=\"wp-block-pages-list__item\"><a class=\"wp-block-pages-list__item__link\" href=\"https:\/\/alfacentaurica.com\/?page_id=170\">Respaldo El\u00e9ctrico<\/a><\/li><li class=\"wp-block-pages-list__item\"><a class=\"wp-block-pages-list__item__link\" href=\"https:\/\/alfacentaurica.com\/?page_id=57\">Servidores Personalizados en la Nube: Seguridad y Eficiencia Sin Igual<\/a><\/li><li class=\"wp-block-pages-list__item\"><a class=\"wp-block-pages-list__item__link\" href=\"https:\/\/alfacentaurica.com\/?page_id=163\">Sistemas de Seguridad por Video Vigilancia<\/a><\/li><li class=\"wp-block-pages-list__item\"><a class=\"wp-block-pages-list__item__link\" href=\"https:\/\/alfacentaurica.com\/?page_id=58\">Soporte T\u00e9cnico Remoto: Eficiencia y Confiabilidad en Cada Conexi\u00f3n<\/a><\/li><\/ul>","protected":false},"excerpt":{"rendered":"<p>\u00abProtecci\u00f3n avanzada para tu empresa, dise\u00f1ada con experiencia y tecnolog\u00eda de punta.\u00bb Proporcionamos soluciones completas de infraestructura de vigilancia que combinan c\u00e1maras de \u00faltima generaci\u00f3n con tecnolog\u00eda de reconocimiento humano y registro continuo de sucesos. Nuestro enfoque asegura que tengas control total, ya sea de manera local o remota, adapt\u00e1ndonos a las necesidades de tu [&hellip;]<\/p>\n","protected":false},"author":1,"featured_media":0,"parent":0,"menu_order":0,"comment_status":"closed","ping_status":"closed","template":"","meta":{"footnotes":""},"class_list":["post-163","page","type-page","status-publish","hentry"],"_links":{"self":[{"href":"https:\/\/alfacentaurica.com\/index.php?rest_route=\/wp\/v2\/pages\/163","targetHints":{"allow":["GET"]}}],"collection":[{"href":"https:\/\/alfacentaurica.com\/index.php?rest_route=\/wp\/v2\/pages"}],"about":[{"href":"https:\/\/alfacentaurica.com\/index.php?rest_route=\/wp\/v2\/types\/page"}],"author":[{"embeddable":true,"href":"https:\/\/alfacentaurica.com\/index.php?rest_route=\/wp\/v2\/users\/1"}],"replies":[{"embeddable":true,"href":"https:\/\/alfacentaurica.com\/index.php?rest_route=%2Fwp%2Fv2%2Fcomments&post=163"}],"version-history":[{"count":3,"href":"https:\/\/alfacentaurica.com\/index.php?rest_route=\/wp\/v2\/pages\/163\/revisions"}],"predecessor-version":[{"id":197,"href":"https:\/\/alfacentaurica.com\/index.php?rest_route=\/wp\/v2\/pages\/163\/revisions\/197"}],"wp:attachment":[{"href":"https:\/\/alfacentaurica.com\/index.php?rest_route=%2Fwp%2Fv2%2Fmedia&parent=163"}],"curies":[{"name":"wp","href":"https:\/\/api.w.org\/{rel}","templated":true}]}}